{"id":21,"date":"2019-08-19T11:13:03","date_gmt":"2019-08-19T09:13:03","guid":{"rendered":"http:\/\/cs-humanmobility.com\/en\/?page_id=21"},"modified":"2019-08-19T11:13:15","modified_gmt":"2019-08-19T09:13:15","slug":"about-us","status":"publish","type":"page","link":"https:\/\/cs-humanmobility.com\/en\/about-us\/","title":{"rendered":"CS Human Mobility"},"content":{"rendered":"\n<p><strong>CS Human Mobility<\/strong>  b\u00fcndelt \u00fcber 40 Jahre Know-how in der Herstellung und dem Handel von  Mobilit\u00e4tshilfen f\u00fcr den h\u00e4uslichen, ambulanten und station\u00e4ren Bereich.  Im Mittelpunkt unserer Aktivit\u00e4ten steht dabei immer eine Verbesserung  der Lebens- bzw. Arbeitsqualit\u00e4t. Unsere handverlesenen Produkte  zeichnen sich durch eine hohe Qualit\u00e4t und Kundennutzen aus. Dabei liegt  der Fokus insbesondere auf einer nutzerfreundlichen Bedienbarkeit bei  hoher Funktionalit\u00e4t und langer Lebensdauer.<\/p>\n\n\n\n<p>Wir entwickeln gemeinsam mit unseren Kunden Anforderungsprofile und  setzen diese auch um. Kundenspezifische Sonderanfertigungen realisieren  wir in kurzer Zeit. Unter dem Motto \u201eklare Linie \u2013 wenig Wirbel\u201c haben  wir den Blick f\u00fcr&#8217;s Wesentliche und richtigen unsere Aktivit\u00e4ten an den  Bed\u00fcrfnissen unserer Kunden aus!  <\/p>\n","protected":false},"excerpt":{"rendered":"<p>CS Human Mobility b\u00fcndelt \u00fcber 40 Jahre Know-how in der Herstellung und dem Handel von Mobilit\u00e4tshilfen f\u00fcr den h\u00e4uslichen, ambulanten und station\u00e4ren Bereich. Im Mittelpunkt unserer Aktivit\u00e4ten steht dabei immer eine Verbesserung der Lebens- bzw. Arbeitsqualit\u00e4t. Unsere handverlesenen Produkte zeichnen sich durch eine hohe Qualit\u00e4t und Kundennutzen aus. Dabei liegt der Fokus insbesondere auf einer [&hellip;]<\/p>\n","protected":false},"author":1,"featured_media":0,"parent":0,"menu_order":0,"comment_status":"closed","ping_status":"closed","template":"page-ueber-uns.php","meta":{"footnotes":""},"_links":{"self":[{"href":"https:\/\/cs-humanmobility.com\/en\/wp-json\/wp\/v2\/pages\/21"}],"collection":[{"href":"https:\/\/cs-humanmobility.com\/en\/wp-json\/wp\/v2\/pages"}],"about":[{"href":"https:\/\/cs-humanmobility.com\/en\/wp-json\/wp\/v2\/types\/page"}],"author":[{"embeddable":true,"href":"https:\/\/cs-humanmobility.com\/en\/wp-json\/wp\/v2\/users\/1"}],"replies":[{"embeddable":true,"href":"https:\/\/cs-humanmobility.com\/en\/wp-json\/wp\/v2\/comments?post=21"}],"version-history":[{"count":1,"href":"https:\/\/cs-humanmobility.com\/en\/wp-json\/wp\/v2\/pages\/21\/revisions"}],"predecessor-version":[{"id":22,"href":"https:\/\/cs-humanmobility.com\/en\/wp-json\/wp\/v2\/pages\/21\/revisions\/22"}],"wp:attachment":[{"href":"https:\/\/cs-humanmobility.com\/en\/wp-json\/wp\/v2\/media?parent=21"}],"curies":[{"name":"wp","href":"https:\/\/api.w.org\/{rel}","templated":true}]}}